{"id":980,"date":"2022-11-02T10:31:55","date_gmt":"2022-11-02T09:31:55","guid":{"rendered":"https:\/\/naprapaten.com\/?page_id=980"},"modified":"2025-02-06T20:09:15","modified_gmt":"2025-02-06T19:09:15","slug":"vi-som-jobbar-har","status":"publish","type":"page","link":"https:\/\/naprapaten.com\/?page_id=980","title":{"rendered":"Vi som jobbar h\u00e4r"},"content":{"rendered":"\t\t<div data-elementor-type=\"wp-page\" data-elementor-id=\"980\" class=\"elementor elementor-980\">\n\t\t\t\t\t\t\t\t\t<section class=\"elementor-section elementor-top-section elementor-element elementor-element-73a92a5 elementor-section-boxed elementor-section-height-default elementor-section-height-default\" data-id=\"73a92a5\" data-element_type=\"section\" data-settings=\"{&quot;background_background&quot;:&quot;classic&quot;}\">\n\t\t\t\t\t\t<div class=\"elementor-container elementor-column-gap-default\">\n\t\t\t\t\t<div class=\"elementor-column elementor-col-100 elementor-top-column elementor-element elementor-element-4458fa9\" data-id=\"4458fa9\" data-element_type=\"column\">\n\t\t\t<div class=\"elementor-widget-wrap elementor-element-populated\">\n\t\t\t\t\t\t\t\t<div class=\"elementor-element elementor-element-2c32e8d elementor-widget elementor-widget-spacer\" data-id=\"2c32e8d\" data-element_type=\"widget\" data-widget_type=\"spacer.default\">\n\t\t\t\t<div class=\"elementor-widget-container\">\n\t\t\t<style>\/*! elementor - v3.6.8 - 27-07-2022 *\/\n.e-container.e-container--row .elementor-spacer-inner{width:var(--spacer-size)}.e-container.e-container--column .elementor-spacer-inner,.elementor-column .elementor-spacer-inner{height:var(--spacer-size)}<\/style>\t\t<div class=\"elementor-spacer\">\n\t\t\t<div class=\"elementor-spacer-inner\"><\/div>\n\t\t<\/div>\n\t\t\t\t<\/div>\n\t\t\t\t<\/div>\n\t\t\t\t<div class=\"elementor-element elementor-element-1c6c618 elementor-widget elementor-widget-heading\" data-id=\"1c6c618\" data-element_type=\"widget\" data-widget_type=\"heading.default\">\n\t\t\t\t<div class=\"elementor-widget-container\">\n\t\t\t<style>\/*! elementor - v3.6.8 - 27-07-2022 *\/\n.elementor-heading-title{padding:0;margin:0;line-height:1}.elementor-widget-heading .elementor-heading-title[class*=elementor-size-]>a{color:inherit;font-size:inherit;line-height:inherit}.elementor-widget-heading .elementor-heading-title.elementor-size-small{font-size:15px}.elementor-widget-heading .elementor-heading-title.elementor-size-medium{font-size:19px}.elementor-widget-heading .elementor-heading-title.elementor-size-large{font-size:29px}.elementor-widget-heading .elementor-heading-title.elementor-size-xl{font-size:39px}.elementor-widget-heading .elementor-heading-title.elementor-size-xxl{font-size:59px}<\/style><h2 class=\"elementor-heading-title elementor-size-default\">Kontakt & info<\/h2>\t\t<\/div>\n\t\t\t\t<\/div>\n\t\t\t\t<div class=\"elementor-element elementor-element-343c622 elementor-widget elementor-widget-spacer\" data-id=\"343c622\" data-element_type=\"widget\" data-widget_type=\"spacer.default\">\n\t\t\t\t<div class=\"elementor-widget-container\">\n\t\t\t\t\t<div class=\"elementor-spacer\">\n\t\t\t<div class=\"elementor-spacer-inner\"><\/div>\n\t\t<\/div>\n\t\t\t\t<\/div>\n\t\t\t\t<\/div>\n\t\t\t\t\t<\/div>\n\t\t<\/div>\n\t\t\t\t\t\t\t<\/div>\n\t\t<\/section>\n\t\t\t\t<section class=\"elementor-section elementor-top-section elementor-element elementor-element-8b30ed4 elementor-section-boxed elementor-section-height-default elementor-section-height-default\" data-id=\"8b30ed4\" data-element_type=\"section\">\n\t\t\t\t\t\t<div class=\"elementor-container elementor-column-gap-default\">\n\t\t\t\t\t<div class=\"elementor-column elementor-col-100 elementor-top-column elementor-element elementor-element-fd7ef6c\" data-id=\"fd7ef6c\" data-element_type=\"column\">\n\t\t\t<div class=\"elementor-widget-wrap elementor-element-populated\">\n\t\t\t\t\t\t\t\t<div class=\"elementor-element elementor-element-0ba04de elementor-widget elementor-widget-spacer\" data-id=\"0ba04de\" data-element_type=\"widget\" data-widget_type=\"spacer.default\">\n\t\t\t\t<div class=\"elementor-widget-container\">\n\t\t\t\t\t<div class=\"elementor-spacer\">\n\t\t\t<div class=\"elementor-spacer-inner\"><\/div>\n\t\t<\/div>\n\t\t\t\t<\/div>\n\t\t\t\t<\/div>\n\t\t\t\t\t<\/div>\n\t\t<\/div>\n\t\t\t\t\t\t\t<\/div>\n\t\t<\/section>\n\t\t\t\t<section class=\"elementor-section elementor-top-section elementor-element elementor-element-2002b69 elementor-section-boxed elementor-section-height-default elementor-section-height-default\" data-id=\"2002b69\" data-element_type=\"section\">\n\t\t\t\t\t\t<div class=\"elementor-container elementor-column-gap-default\">\n\t\t\t\t\t<div class=\"elementor-column elementor-col-50 elementor-top-column elementor-element elementor-element-bde908f\" data-id=\"bde908f\" data-element_type=\"column\">\n\t\t\t<div class=\"elementor-widget-wrap elementor-element-populated\">\n\t\t\t\t\t\t\t\t<div class=\"elementor-element elementor-element-cb22c8e elementor-widget elementor-widget-image\" data-id=\"cb22c8e\" data-element_type=\"widget\" data-widget_type=\"image.default\">\n\t\t\t\t<div class=\"elementor-widget-container\">\n\t\t\t<style>\/*! elementor - v3.6.8 - 27-07-2022 *\/\n.elementor-widget-image{text-align:center}.elementor-widget-image a{display:inline-block}.elementor-widget-image a img[src$=\".svg\"]{width:48px}.elementor-widget-image img{vertical-align:middle;display:inline-block}<\/style>\t\t\t\t\t\t\t\t\t\t\t\t<img loading=\"lazy\" decoding=\"async\" width=\"768\" height=\"1041\" src=\"https:\/\/naprapaten.com\/wp-content\/uploads\/2022\/08\/remsen_webb.jpg\" class=\"attachment-medium_large size-medium_large\" alt=\"\" \/>\t\t\t\t\t\t\t\t\t\t\t\t\t\t\t<\/div>\n\t\t\t\t<\/div>\n\t\t\t\t<div class=\"elementor-element elementor-element-642cbc4 elementor-widget elementor-widget-text-editor\" data-id=\"642cbc4\" data-element_type=\"widget\" data-widget_type=\"text-editor.default\">\n\t\t\t\t<div class=\"elementor-widget-container\">\n\t\t\t<style>\/*! elementor - v3.6.8 - 27-07-2022 *\/\n.elementor-widget-text-editor.elementor-drop-cap-view-stacked .elementor-drop-cap{background-color:#818a91;color:#fff}.elementor-widget-text-editor.elementor-drop-cap-view-framed .elementor-drop-cap{color:#818a91;border:3px solid;background-color:transparent}.elementor-widget-text-editor:not(.elementor-drop-cap-view-default) .elementor-drop-cap{margin-top:8px}.elementor-widget-text-editor:not(.elementor-drop-cap-view-default) .elementor-drop-cap-letter{width:1em;height:1em}.elementor-widget-text-editor .elementor-drop-cap{float:left;text-align:center;line-height:1;font-size:50px}.elementor-widget-text-editor .elementor-drop-cap-letter{display:inline-block}<\/style>\t\t\t\t<p><strong>Kontaktuppgifter<\/strong><br \/>V\u00e4xelnummer: 0500-502100<br \/>Direktnummer: 0500-502103<br \/>Mejl: <a href=\"mailto:stefan.remsen@naprapaten.com\">stefan.remsen@naprapaten.com<\/a><\/p>\t\t\t\t\t\t<\/div>\n\t\t\t\t<\/div>\n\t\t\t\t<div class=\"elementor-element elementor-element-d87a035 elementor-widget elementor-widget-text-editor\" data-id=\"d87a035\" data-element_type=\"widget\" data-widget_type=\"text-editor.default\">\n\t\t\t\t<div class=\"elementor-widget-container\">\n\t\t\t\t\t\t\t<p>Stefan Rems\u00e9n \u00e4r medlem i\u00a0<em>Svensk F\u00f6rening F\u00f6r Fysisk Aktivitet och Idrottsmedicin, Centrum f\u00f6r idrottsforskning (CIF), Svensk F\u00f6rening f\u00f6r Klinisk Ortopedisk Medicin (SFKOM)<\/em>, <em>Svenska Naprapatf\u00f6rbundet samt Swedish Sports Concussion Society, SSCS.<\/em><\/p>\t\t\t\t\t\t<\/div>\n\t\t\t\t<\/div>\n\t\t\t\t<div class=\"elementor-element elementor-element-24b7762 elementor-widget elementor-widget-image\" data-id=\"24b7762\" data-element_type=\"widget\" data-widget_type=\"image.default\">\n\t\t\t\t<div class=\"elementor-widget-container\">\n\t\t\t\t\t\t\t\t\t\t\t\t\t\t\t<img loading=\"lazy\" decoding=\"async\" width=\"200\" height=\"200\" src=\"https:\/\/naprapaten.com\/wp-content\/uploads\/2025\/02\/Hjarnskakn200px.png\" class=\"attachment-large size-large\" alt=\"\" \/>\t\t\t\t\t\t\t\t\t\t\t\t\t\t\t<\/div>\n\t\t\t\t<\/div>\n\t\t\t\t\t<\/div>\n\t\t<\/div>\n\t\t\t\t<div class=\"elementor-column elementor-col-50 elementor-top-column elementor-element elementor-element-c79730b\" data-id=\"c79730b\" data-element_type=\"column\">\n\t\t\t<div class=\"elementor-widget-wrap elementor-element-populated\">\n\t\t\t\t\t\t\t\t<div class=\"elementor-element elementor-element-9410387 elementor-widget elementor-widget-heading\" data-id=\"9410387\" data-element_type=\"widget\" data-widget_type=\"heading.default\">\n\t\t\t\t<div class=\"elementor-widget-container\">\n\t\t\t<h2 class=\"elementor-heading-title elementor-size-default\">STEFAN REMS\u00c9N<\/h2>\t\t<\/div>\n\t\t\t\t<\/div>\n\t\t\t\t<div class=\"elementor-element elementor-element-f6f70bc elementor-widget elementor-widget-text-editor\" data-id=\"f6f70bc\" data-element_type=\"widget\" data-widget_type=\"text-editor.default\">\n\t\t\t\t<div class=\"elementor-widget-container\">\n\t\t\t\t\t\t\t<p><strong>Legitimerad Naprapat Dipl. Orthopaedic Medicine (OMI Norden)<\/strong><\/p>\t\t\t\t\t\t<\/div>\n\t\t\t\t<\/div>\n\t\t\t\t<div class=\"elementor-element elementor-element-578af6e elementor-widget elementor-widget-text-editor\" data-id=\"578af6e\" data-element_type=\"widget\" data-widget_type=\"text-editor.default\">\n\t\t\t\t<div class=\"elementor-widget-container\">\n\t\t\t\t\t\t\t<p><strong>Utbildningar:<\/strong><\/p><ul><li>Certifierad styrketr\u00e4ningsinstrukt\u00f6r, Scandinavian Academy of Fitness Education S.A.F.E 2001<\/li><li>Certifierad mass\u00f6r och Diplomerad massageterapeut, Axelsons Gymnastiska Institut 2002<\/li><li>Naprapatexamen 2007<\/li><li>Legitimerad Naprapat 2008<\/li><li>Steg 1 utbildning idrottsmedicin, Svenska idrottsmedicinska f\u00f6reningen 2010<\/li><li>Utbildad i Dry Needling\/ Triggerpunktsakupunktur f\u00f6r legitimerad v\u00e5rdpersonal, AKAB Utbildning 2012<\/li><li>STAC professional steg 1, Scandinavian Top Athletic Center 2013<\/li><li>STAC professional steg 2, Scandinavian Top Athletic Center 2014<\/li><li>RockTape FMT 1 (Fascial Movement Taping\/ kinesiotejp) utbildad 2015<\/li><li>Utbildad i medicinsk akupunktur (inklusive elektroakupunktur) f\u00f6r legitimerad v\u00e5rdpersonal,\u00a0AKAB Utbildning 2016<\/li><li>RockTape FMT 2 (Fascial Movement Taping\/ kinesiotejp) utbildad 2017<\/li><li>St\u00f6tv\u00e5gsutbildning, DJO Nordic 2018<\/li><li>St\u00f6tv\u00e5gsutbildning Enovis, 2023<\/li><li>Basexamen i Ortopedisk medicin 2020 (OMI Norden)<\/li><li>H\u00f6gre examen i Ortopedisk medicin 2022, OMI Norden (Advanced examination)<\/li><li>Jobbar med radiell st\u00f6tv\u00e5gsbehandling (shockwave therapy in the treatment of musculoskeletal disorders)\u00a0sedan 2017<\/li><li>Jobbar med Laserterapi MPHI Human Optilaser (LLLT- Low Level Laser Therapy)<\/li><li>Samt flertalet mindre kurser\/ vidareutbildningar i manuell terapi och idrottsmedicin<\/li><li>CST \u2013 Certified Sportsmedicine Therapist, november 2024.<\/li><li>Hj\u00e4rnskakningscertifierad klinik (terapeut) via Hj\u00e4rnskakningsguiden (<a href=\"http:\/\/www.hjarnskakningsguiden.se\">hjarnskakningsguiden.se<\/a>) , december 2024.<\/li><li>Godk\u00e4nd sjukv\u00e5rdsutbildning niv\u00e5 1 inom Svensk Judo, januari 2025<\/li><\/ul><p><strong>Uppdrag:<\/strong><\/p><ul><li style=\"list-style-type: none;\"><ul><li>Massageterapeut\/ Naprapat f\u00f6r juniorlandslaget i Baseboll 2002-2006<\/li><li>Hj\u00e4lpl\u00e4rare p\u00e5 Axelsons Gymnastiska Institut i \u00e4mnena massage, ytanatomi &amp; anatomi 2002-2003<\/li><li>Ansvarig Naprapat f\u00f6r herrlandslaget i Volleyboll 2007-2013<\/li><li>Sommar Universiaden i Shenzhen, Kina, 2011 med herrlandslaget i Volleyboll<\/li><li>Ansvarig Naprapat f\u00f6r Sk\u00f6vde ishockeyklubbs seniorlag sedan 2007<\/li><li>Ansvarig Naprapat f\u00f6r IFK Sk\u00f6vde handbolls seniorlag sedan 2022<\/li><li>Styrelseledamot i Svensk F\u00f6rening f\u00f6r Klinisk Ortopedisk Medicin, SFKOM<\/li><\/ul><\/li><\/ul>\t\t\t\t\t\t<\/div>\n\t\t\t\t<\/div>\n\t\t\t\t\t<\/div>\n\t\t<\/div>\n\t\t\t\t\t\t\t<\/div>\n\t\t<\/section>\n\t\t\t\t<section class=\"elementor-section elementor-top-section elementor-element elementor-element-6c750ba elementor-section-boxed elementor-section-height-default elementor-section-height-default\" data-id=\"6c750ba\" data-element_type=\"section\">\n\t\t\t\t\t\t<div class=\"elementor-container elementor-column-gap-default\">\n\t\t\t\t\t<div class=\"elementor-column elementor-col-100 elementor-top-column elementor-element elementor-element-5c05339\" data-id=\"5c05339\" data-element_type=\"column\">\n\t\t\t<div class=\"elementor-widget-wrap elementor-element-populated\">\n\t\t\t\t\t\t\t\t<div class=\"elementor-element elementor-element-faa7da8 elementor-widget-divider--view-line elementor-widget elementor-widget-divider\" data-id=\"faa7da8\" data-element_type=\"widget\" data-widget_type=\"divider.default\">\n\t\t\t\t<div class=\"elementor-widget-container\">\n\t\t\t<style>\/*! elementor - v3.6.8 - 27-07-2022 *\/\n.elementor-widget-divider{--divider-border-style:none;--divider-border-width:1px;--divider-color:#2c2c2c;--divider-icon-size:20px;--divider-element-spacing:10px;--divider-pattern-height:24px;--divider-pattern-size:20px;--divider-pattern-url:none;--divider-pattern-repeat:repeat-x}.elementor-widget-divider .elementor-divider{display:-webkit-box;display:-ms-flexbox;display:flex}.elementor-widget-divider .elementor-divider__text{font-size:15px;line-height:1;max-width:95%}.elementor-widget-divider .elementor-divider__element{margin:0 var(--divider-element-spacing);-ms-flex-negative:0;flex-shrink:0}.elementor-widget-divider .elementor-icon{font-size:var(--divider-icon-size)}.elementor-widget-divider .elementor-divider-separator{display:-webkit-box;display:-ms-flexbox;display:flex;margin:0;direction:ltr}.elementor-widget-divider--view-line_icon .elementor-divider-separator,.elementor-widget-divider--view-line_text .elementor-divider-separator{-webkit-box-align:center;-ms-flex-align:center;align-items:center}.elementor-widget-divider--view-line_icon .elementor-divider-separator:after,.elementor-widget-divider--view-line_icon .elementor-divider-separator:before,.elementor-widget-divider--view-line_text .elementor-divider-separator:after,.elementor-widget-divider--view-line_text .elementor-divider-separator:before{display:block;content:\"\";border-bottom:0;-webkit-box-flex:1;-ms-flex-positive:1;flex-grow:1;border-top:var(--divider-border-width) var(--divider-border-style) var(--divider-color)}.elementor-widget-divider--element-align-left .elementor-divider .elementor-divider-separator>.elementor-divider__svg:first-of-type{-webkit-box-flex:0;-ms-flex-positive:0;flex-grow:0;-ms-flex-negative:100;flex-shrink:100}.elementor-widget-divider--element-align-left .elementor-divider-separator:before{content:none}.elementor-widget-divider--element-align-left .elementor-divider__element{margin-left:0}.elementor-widget-divider--element-align-right .elementor-divider .elementor-divider-separator>.elementor-divider__svg:last-of-type{-webkit-box-flex:0;-ms-flex-positive:0;flex-grow:0;-ms-flex-negative:100;flex-shrink:100}.elementor-widget-divider--element-align-right .elementor-divider-separator:after{content:none}.elementor-widget-divider--element-align-right .elementor-divider__element{margin-right:0}.elementor-widget-divider:not(.elementor-widget-divider--view-line_text):not(.elementor-widget-divider--view-line_icon) .elementor-divider-separator{border-top:var(--divider-border-width) var(--divider-border-style) var(--divider-color)}.elementor-widget-divider--separator-type-pattern{--divider-border-style:none}.elementor-widget-divider--separator-type-pattern.elementor-widget-divider--view-line .elementor-divider-separator,.elementor-widget-divider--separator-type-pattern:not(.elementor-widget-divider--view-line) .elementor-divider-separator:after,.elementor-widget-divider--separator-type-pattern:not(.elementor-widget-divider--view-line) .elementor-divider-separator:before,.elementor-widget-divider--separator-type-pattern:not([class*=elementor-widget-divider--view]) .elementor-divider-separator{width:100%;min-height:var(--divider-pattern-height);-webkit-mask-size:var(--divider-pattern-size) 100%;mask-size:var(--divider-pattern-size) 100%;-webkit-mask-repeat:var(--divider-pattern-repeat);mask-repeat:var(--divider-pattern-repeat);background-color:var(--divider-color);-webkit-mask-image:var(--divider-pattern-url);mask-image:var(--divider-pattern-url)}.elementor-widget-divider--no-spacing{--divider-pattern-size:auto}.elementor-widget-divider--bg-round{--divider-pattern-repeat:round}.rtl .elementor-widget-divider .elementor-divider__text{direction:rtl}.e-container>.elementor-widget-divider{width:var(--container-widget-width,100%);-webkit-box-flex:1;-ms-flex-positive:1;flex-grow:1}<\/style>\t\t<div class=\"elementor-divider\">\n\t\t\t<span class=\"elementor-divider-separator\">\n\t\t\t\t\t\t<\/span>\n\t\t<\/div>\n\t\t\t\t<\/div>\n\t\t\t\t<\/div>\n\t\t\t\t\t<\/div>\n\t\t<\/div>\n\t\t\t\t\t\t\t<\/div>\n\t\t<\/section>\n\t\t\t\t<section class=\"elementor-section elementor-top-section elementor-element elementor-element-0e1510f elementor-section-boxed elementor-section-height-default elementor-section-height-default\" data-id=\"0e1510f\" data-element_type=\"section\">\n\t\t\t\t\t\t<div class=\"elementor-container elementor-column-gap-default\">\n\t\t\t\t\t<div class=\"elementor-column elementor-col-100 elementor-top-column elementor-element elementor-element-2157ac4\" data-id=\"2157ac4\" data-element_type=\"column\">\n\t\t\t<div class=\"elementor-widget-wrap elementor-element-populated\">\n\t\t\t\t\t\t\t\t<div class=\"elementor-element elementor-element-dd8db60 elementor-widget elementor-widget-spacer\" data-id=\"dd8db60\" data-element_type=\"widget\" data-widget_type=\"spacer.default\">\n\t\t\t\t<div class=\"elementor-widget-container\">\n\t\t\t\t\t<div class=\"elementor-spacer\">\n\t\t\t<div class=\"elementor-spacer-inner\"><\/div>\n\t\t<\/div>\n\t\t\t\t<\/div>\n\t\t\t\t<\/div>\n\t\t\t\t\t<\/div>\n\t\t<\/div>\n\t\t\t\t\t\t\t<\/div>\n\t\t<\/section>\n\t\t\t\t\t\t\t<\/div>\n\t\t","protected":false},"excerpt":{"rendered":"<p>Kontakt &#038; info KontaktuppgifterV\u00e4xelnummer: 0500-502100Direktnummer: 0500-502103Mejl: stefan.remsen@naprapaten.com Stefan Rems\u00e9n \u00e4r medlem i\u00a0Svensk F\u00f6rening F\u00f6r Fysisk Aktivitet och Idrottsmedicin, Centrum f\u00f6r idrottsforskning (CIF), Svensk F\u00f6rening f\u00f6r Klinisk Ortopedisk Medicin (SFKOM), Svenska Naprapatf\u00f6rbundet samt Swedish Sports Concussion Society, SSCS. STEFAN REMS\u00c9N Legitimerad Naprapat Dipl. Orthopaedic Medicine (OMI Norden) Utbildningar: Certifierad styrketr\u00e4ningsinstrukt\u00f6r, Scandinavian Academy of Fitness Education S.A.F.E &hellip;<\/p>\n<p class=\"read-more\"> <a class=\"\" href=\"https:\/\/naprapaten.com\/?page_id=980\"> <span class=\"screen-reader-text\">Vi som jobbar h\u00e4r<\/span> L\u00e4s mer &raquo;<\/a><\/p>\n","protected":false},"author":1,"featured_media":0,"parent":0,"menu_order":0,"comment_status":"closed","ping_status":"closed","template":"","meta":{"site-sidebar-layout":"no-sidebar","site-content-layout":"page-builder","ast-global-header-display":"","ast-main-header-display":"","ast-hfb-above-header-display":"","ast-hfb-below-header-display":"","ast-hfb-mobile-header-display":"","site-post-title":"disabled","ast-breadcrumbs-content":"","ast-featured-img":"disabled","footer-sml-layout":"","theme-transparent-header-meta":"","adv-header-id-meta":"","stick-header-meta":"","header-above-stick-meta":"","header-main-stick-meta":"","header-below-stick-meta":"","footnotes":""},"class_list":["post-980","page","type-page","status-publish","hentry"],"_links":{"self":[{"href":"https:\/\/naprapaten.com\/index.php?rest_route=\/wp\/v2\/pages\/980","targetHints":{"allow":["GET"]}}],"collection":[{"href":"https:\/\/naprapaten.com\/index.php?rest_route=\/wp\/v2\/pages"}],"about":[{"href":"https:\/\/naprapaten.com\/index.php?rest_route=\/wp\/v2\/types\/page"}],"author":[{"embeddable":true,"href":"https:\/\/naprapaten.com\/index.php?rest_route=\/wp\/v2\/users\/1"}],"replies":[{"embeddable":true,"href":"https:\/\/naprapaten.com\/index.php?rest_route=%2Fwp%2Fv2%2Fcomments&post=980"}],"version-history":[{"count":62,"href":"https:\/\/naprapaten.com\/index.php?rest_route=\/wp\/v2\/pages\/980\/revisions"}],"predecessor-version":[{"id":1143,"href":"https:\/\/naprapaten.com\/index.php?rest_route=\/wp\/v2\/pages\/980\/revisions\/1143"}],"wp:attachment":[{"href":"https:\/\/naprapaten.com\/index.php?rest_route=%2Fwp%2Fv2%2Fmedia&parent=980"}],"curies":[{"name":"wp","href":"https:\/\/api.w.org\/{rel}","templated":true}]}}